{"id":2,"date":"2024-04-02T15:19:37","date_gmt":"2024-04-02T18:19:37","guid":{"rendered":"https:\/\/www.cobrazap.com.br\/?page_id=2"},"modified":"2025-10-03T10:14:46","modified_gmt":"2025-10-03T13:14:46","slug":"pagina-exemplo","status":"publish","type":"page","link":"https:\/\/www.cobrazap.com.br\/","title":{"rendered":"CobraZap"},"content":{"rendered":"\t\t<div data-elementor-type=\"wp-page\" data-elementor-id=\"2\" class=\"elementor elementor-2\" data-elementor-post-type=\"page\">\n\t\t\t\t<div class=\"elementor-element elementor-element-67aa02c e-flex e-con-boxed e-con e-parent\" data-id=\"67aa02c\" data-element_type=\"container\" data-core-v316-plus=\"true\">\n\t\t\t\t\t<div class=\"e-con-inner\">\n\t\t\t\t<div class=\"elementor-element elementor-element-22cfb20 elementor-widget elementor-widget-image\" data-id=\"22cfb20\" data-element_type=\"widget\" data-widget_type=\"image.default\">\n\t\t\t\t<div class=\"elementor-widget-container\">\n\t\t\t<style>\/*! elementor - v3.20.0 - 26-03-2024 *\/\n.elementor-widget-image{text-align:center}.elementor-widget-image a{display:inline-block}.elementor-widget-image a img[src$=\".svg\"]{width:48px}.elementor-widget-image img{vertical-align:middle;display:inline-block}<\/style>\t\t\t\t\t\t\t\t\t\t<img fetchpriority=\"high\" decoding=\"async\" width=\"1290\" height=\"303\" src=\"https:\/\/www.cobrazap.com.br\/wp-content\/uploads\/2024\/05\/cobrazap-logo.png.png\" class=\"attachment-full size-full wp-image-29\" alt=\"\" \/>\t\t\t\t\t\t\t\t\t\t\t\t\t<\/div>\n\t\t\t\t<\/div>\n\t\t\t\t<div class=\"elementor-element elementor-element-6979e99 elementor-widget elementor-widget-text-editor\" data-id=\"6979e99\" data-element_type=\"widget\" data-widget_type=\"text-editor.default\">\n\t\t\t\t<div class=\"elementor-widget-container\">\n\t\t\t<style>\/*! elementor - v3.20.0 - 26-03-2024 *\/\n.elementor-widget-text-editor.elementor-drop-cap-view-stacked .elementor-drop-cap{background-color:#69727d;color:#fff}.elementor-widget-text-editor.elementor-drop-cap-view-framed .elementor-drop-cap{color:#69727d;border:3px solid;background-color:transparent}.elementor-widget-text-editor:not(.elementor-drop-cap-view-default) .elementor-drop-cap{margin-top:8px}.elementor-widget-text-editor:not(.elementor-drop-cap-view-default) .elementor-drop-cap-letter{width:1em;height:1em}.elementor-widget-text-editor .elementor-drop-cap{float:left;text-align:center;line-height:1;font-size:50px}.elementor-widget-text-editor .elementor-drop-cap-letter{display:inline-block}<\/style>\t\t\t\t<ul>\n<li><b>Sistema de Notifica\u00e7\u00f5es de Cobran\u00e7as por Whatsapp<\/b> integrado com ASAAS, CORA, LYTEX, EFI\/Gerencianet, COBRE F\u00c1CIL, Banco Inter, OPENPIX, HINOVA (SGA\/SGR), OMIE, VHSYS, SIPROV, HCONTROL, CONTA AZUL e BLING.\n<p><\/p><\/li>\n<li><b>Sistema de Notifica\u00e7\u00e3o com Bloqueio\/Desbloqueio por Inadimpl\u00eancia<\/b>&nbsp;dos usu\u00e1rios na plataforma TRACCAR, GPSWOX, FULLTRACK, SMARTGPS e SELSYN;\n<p><\/p><\/li>\n<li><b>Sistema de Notifica\u00e7\u00f5es por Whatsapp dos Alertas\/Eventos<\/b> nas plataformas de rastreamento: GPSWOX, TRACCAR\/TARKAN, SOFTRUCK, SELSYN, FULLTRACK, STC\/MOVIT e SMARTGPS;\n<p><\/p><\/li>\n<li><b>Sistema de Atendimento Automatizado para Whatsapp<\/b>: Chatbot e Gest\u00e3o de Multi Atendimentos.\n<p><\/p><\/li>\n<li><b>Consultoria Especializada<\/b> em Automa\u00e7\u00f5es, Atendimento e Notifica\u00e7\u00f5es por Whatsapp.<\/li>\n<\/ul>\t\t\t\t\t\t<\/div>\n\t\t\t\t<\/div>\n\t\t\t\t<div class=\"elementor-element elementor-element-28878b7 elementor-widget elementor-widget-text-editor\" data-id=\"28878b7\" data-element_type=\"widget\" data-widget_type=\"text-editor.default\">\n\t\t\t\t<div class=\"elementor-widget-container\">\n\t\t\t\t\t\t\t<p>Atendimento personalizado, suporte imediato e adequa\u00e7\u00e3o das necessidades do cliente.\u00a0<\/p><p>Entre em contato para obter mais informa\u00e7\u00f5es sobre nossas solu\u00e7\u00f5es.<\/p>\t\t\t\t\t\t<\/div>\n\t\t\t\t<\/div>\n\t\t\t\t<div class=\"elementor-element elementor-element-92eb2c3 elementor-widget elementor-widget-text-editor\" data-id=\"92eb2c3\" data-element_type=\"widget\" data-widget_type=\"text-editor.default\">\n\t\t\t\t<div class=\"elementor-widget-container\">\n\t\t\t\t\t\t\t<div class=\"elementor elementor-141\" data-elementor-type=\"wp-page\" data-elementor-id=\"141\"><section class=\"elementor-section elementor-top-section elementor-element elementor-element-74c3d4a elementor-section-boxed elementor-section-height-default elementor-section-height-default\" data-id=\"74c3d4a\" data-element_type=\"section\"><div class=\"elementor-container elementor-column-gap-default\"><div class=\"elementor-column elementor-col-100 elementor-top-column elementor-element elementor-element-a1870bf\" data-id=\"a1870bf\" data-element_type=\"column\"><div class=\"elementor-widget-wrap elementor-element-populated\"><div class=\"elementor-element elementor-element-76fab3a elementor-widget elementor-widget-text-editor\" data-id=\"76fab3a\" data-element_type=\"widget\" data-widget_type=\"text-editor.default\"><div class=\"elementor-widget-container\"><footer><section id=\"h.2073176d33781b3b_0\" class=\"yaqOZd\"><div class=\"mYVXT\"><div class=\"LS81yb VICjCf j5pSsc db35Fc\" tabindex=\"-1\"><div class=\"hJDwNd-AhqUyc-uQSCkd Ft7HRd-AhqUyc-uQSCkd purZT-AhqUyc-II5mzb ZcASvf-AhqUyc-II5mzb pSzOP-AhqUyc-qWD73c Ktthjf-AhqUyc-qWD73c JNdkSc SQVYQc\"><div class=\"JNdkSc-SmKAyb LkDMRd\"><div class=\"\"><div class=\"oKdM2c ZZyype Kzv0Me\"><div id=\"h.2073176d33781b3b_3\" class=\"hJDwNd-AhqUyc-uQSCkd Ft7HRd-AhqUyc-uQSCkd jXK9ad D2fZ2 zu5uec OjCsFc dmUFtb wHaque g5GTcb GNzUNc\"><div class=\"jXK9ad-SmKAyb\"><div class=\"tyJCtd mGzaTb Depvyb baZpAe\"><p class=\"CDt4Ke zfr3Q\" dir=\"ltr\">CobraZap &#8211; Copyright \u00a9 2021 xTrackFoz \u2013 44.251.013\/0001-09<\/p><\/div><\/div><\/div><\/div><\/div><\/div><\/div><\/div><\/div><\/section><\/footer><\/div><\/div><\/div><\/div><\/div><\/section><\/div>\t\t\t\t\t\t<\/div>\n\t\t\t\t<\/div>\n\t\t\t\t\t<\/div>\n\t\t\t\t<\/div>\n\t\t\t\t<\/div>\n\t\t","protected":false},"excerpt":{"rendered":"<p>Sistema de Notifica\u00e7\u00f5es de Cobran\u00e7as por Whatsapp integrado com ASAAS, CORA, LYTEX, EFI\/Gerencianet, COBRE F\u00c1CIL, Banco Inter, OPENPIX, HINOVA (SGA\/SGR), OMIE, VHSYS, SIPROV, HCONTROL, CONTA AZUL e BLING. Sistema de Notifica\u00e7\u00e3o com Bloqueio\/Desbloqueio por Inadimpl\u00eancia&nbsp;dos usu\u00e1rios na plataforma TRACCAR, GPSWOX, FULLTRACK, SMARTGPS e SELSYN; Sistema de Notifica\u00e7\u00f5es por Whatsapp dos Alertas\/Eventos nas plataformas de rastreamento: [&hellip;]<\/p>\n","protected":false},"author":1,"featured_media":0,"parent":0,"menu_order":0,"comment_status":"closed","ping_status":"open","template":"elementor_canvas","meta":{"footnotes":""},"class_list":["post-2","page","type-page","status-publish","hentry"],"_links":{"self":[{"href":"https:\/\/www.cobrazap.com.br\/index.php?rest_route=\/wp\/v2\/pages\/2","targetHints":{"allow":["GET"]}}],"collection":[{"href":"https:\/\/www.cobrazap.com.br\/index.php?rest_route=\/wp\/v2\/pages"}],"about":[{"href":"https:\/\/www.cobrazap.com.br\/index.php?rest_route=\/wp\/v2\/types\/page"}],"author":[{"embeddable":true,"href":"https:\/\/www.cobrazap.com.br\/index.php?rest_route=\/wp\/v2\/users\/1"}],"replies":[{"embeddable":true,"href":"https:\/\/www.cobrazap.com.br\/index.php?rest_route=%2Fwp%2Fv2%2Fcomments&post=2"}],"version-history":[{"count":43,"href":"https:\/\/www.cobrazap.com.br\/index.php?rest_route=\/wp\/v2\/pages\/2\/revisions"}],"predecessor-version":[{"id":63,"href":"https:\/\/www.cobrazap.com.br\/index.php?rest_route=\/wp\/v2\/pages\/2\/revisions\/63"}],"wp:attachment":[{"href":"https:\/\/www.cobrazap.com.br\/index.php?rest_route=%2Fwp%2Fv2%2Fmedia&parent=2"}],"curies":[{"name":"wp","href":"https:\/\/api.w.org\/{rel}","templated":true}]}}